{"id":622864,"date":"2025-11-19T17:23:35","date_gmt":"2025-11-19T16:23:35","guid":{"rendered":"https:\/\/dicodusport.fr\/blog\/?page_id=622864"},"modified":"2026-02-12T15:53:21","modified_gmt":"2026-02-12T14:53:21","slug":"calendrier-evenements-sportifs","status":"publish","type":"page","link":"https:\/\/dicodusport.fr\/blog\/calendrier-evenements-sportifs\/","title":{"rendered":"Calendrier \u00e9v\u00e8nements sportifs"},"content":{"rendered":"\n<style>\n.mepr-paywall-overlay {\n  position: fixed;\n  top: 0;\n  left: 0;\n  width: 100%;\n  height: 100%;\n  background-color: rgba(0, 0, 0, 0.7);\n  align-items: center;\n  justify-content: center;\n  z-index: 9999;\n  overflow-y: auto;\n}\n\n.mepr-paywall-container {\n  box-sizing: border-box;\n  width: 100%;\n  height: auto;\n  background-color: #fff;\n  border-radius: 2px;\n  padding: 20px 15em 3em;\n  box-shadow: 0 0 20px rgba(0, 0, 0, 0.2);\n  position: absolute;\n  top: 50%;\n  min-height: 50vh;\n  transition: all 0.3s ease-out;\n}\n\n.mepr-paywall-container.active {\n  transition: all 0.3s ease-out;\n  top: 20%;\n  min-height: 80vh;\n}\n\nbody:has(.mepr-paywall-overlay) {\n  overflow: hidden;\n}\n\n@media (max-width: 767px) {\n  .mepr-paywall-container {\n    padding-left: 40px;\n    padding-right: 40px;\n  }\n}\n<\/style><div class=\"mp_wrapper\">\n<div class=\"mepr-paywall-overlay\">\n  <div class=\"mepr-paywall-container\">\n          <div class=\"mepr-unauthorized-message\">\n        <p>Vous devez \u00eatre membre du <a href=\"https:\/\/dicodusport.fr\/blog\/le-club-dicodusport\/\"><strong>Club Dicodusport<\/strong><\/a> pour acc\u00e9der au contenu.<\/p>\n<h2>Nos abonnements<\/h2>\n<p style=\"text-align: center\"><a href=\"https:\/\/dicodusport.fr\/blog\/offre\/abonnement-annuel-sans-pub\/\"><img class=\"alignnone wp-image-646797\" src=\"https:\/\/dicodusport.fr\/blog\/wp-content\/uploads\/2024\/06\/Promo-JO-2026.png\" alt=\"\" width=\"330\" height=\"427\" \/><\/a><a href=\"https:\/\/dicodusport.fr\/blog\/offre\/abonnement-trimestriel-sans-pub\/\"><img class=\"alignnone wp-image-644554\" src=\"https:\/\/dicodusport.fr\/blog\/wp-content\/uploads\/2026\/02\/Abonnement-trimestriel-2026.png\" alt=\"\" width=\"330\" height=\"380\" \/><\/a><a href=\"https:\/\/dicodusport.fr\/blog\/offre\/abonnement-mensuel-sans-pub\/\"><img class=\"alignnone wp-image-644553\" src=\"https:\/\/dicodusport.fr\/blog\/wp-content\/uploads\/2026\/02\/Abonnement-mensuel-2026.png\" alt=\"\" width=\"330\" height=\"380\" \/><\/a><\/p>\n<h2>Se connecter<\/h2>\n      <\/div>\n              <div class=\"mepr-login-form-wrap\">\n                    \n<div class=\"mp_wrapper mp_login_form\">\n                  <!-- mp-login-form-start -->     <form name=\"mepr_loginform\" id=\"mepr_loginform\" class=\"mepr-form\" action=\"https:\/\/dicodusport.fr\/blog\/login\/\" method=\"post\">\n            <div class=\"mp-form-row mepr_username\">\n        <div class=\"mp-form-label\">\n                              <label for=\"user_login\">Identifiant<\/label>\n        <\/div>\n        <input type=\"text\" name=\"log\" id=\"user_login\" value=\"\" \/>\n      <\/div>\n      <div class=\"mp-form-row mepr_password\">\n        <div class=\"mp-form-label\">\n          <label for=\"user_pass\">Mot de passe<\/label>\n          <div class=\"mp-hide-pw\">\n            <input type=\"password\" name=\"pwd\" id=\"user_pass\" value=\"\" \/>\n            <button type=\"button\" class=\"button mp-hide-pw hide-if-no-js\" data-toggle=\"0\" aria-label=\"Afficher le mot de passe\">\n              <span class=\"dashicons dashicons-visibility\" aria-hidden=\"true\"><\/span>\n            <\/button>\n          <\/div>\n        <\/div>\n      <\/div>\n            <div>\n        <label><input name=\"rememberme\" type=\"checkbox\" id=\"rememberme\" value=\"forever\" \/> Se souvenir de moi<\/label>\n      <\/div>\n      <div class=\"mp-spacer\">&nbsp;<\/div>\n      <div class=\"submit\">\n        <input type=\"submit\" name=\"wp-submit\" id=\"wp-submit\" class=\"button-primary mepr-share-button \" value=\"Se connecter\" \/>\n        <input type=\"hidden\" name=\"redirect_to\" value=\"\/blog\/wp-json\/wp\/v2\/pages\/622864\" \/>\n        <input type=\"hidden\" name=\"mepr_process_login_form\" value=\"true\" \/>\n        <input type=\"hidden\" name=\"mepr_is_login_page\" value=\"false\" \/>\n      <\/div>\n    <\/form>\n    <div class=\"mp-spacer\">&nbsp;<\/div>\n    <div class=\"mepr-login-actions\">\n        <a\n          href=\"https:\/\/dicodusport.fr\/blog\/login\/?action=forgot_password\"\n          title=\"Click here to reset your password\"\n        >\n          Mot de passe oubli\u00e9        <\/a>\n    <\/div>\n\n      \n    <!-- mp-login-form-end --> \n  <\/div>\n              <\/div>\n        <\/div>\n  <\/div>\n<\/div>\n","protected":false},"excerpt":{"rendered":"<p>Vous devez \u00eatre membre du Club Dicodusport pour acc\u00e9der au contenu. Nos abonnements Se connecter<\/p>\n","protected":false},"author":2,"featured_media":644557,"parent":0,"menu_order":0,"comment_status":"closed","ping_status":"closed","template":"page-fullwidth.php","meta":{"_acf_changed":false,"_daextam_enable_autolinks":"1","footnotes":""},"categories":[],"tags":[],"class_list":["post-622864","page","type-page","status-publish","has-post-thumbnail","hentry"],"acf":{"show_in_app_menu":false,"display_order":"","label":"","icon":""},"yoast_head":"<!-- This site is optimized with the Yoast SEO Premium plugin v26.7 (Yoast SEO v26.7) - https:\/\/yoast.com\/wordpress\/plugins\/seo\/ -->\n<title>Calendrier \u00e9v\u00e8nements sportifs<\/title>\n<meta name=\"description\" content=\"Calendrier sportif 2025 par Dicodusport. Retrouvez tous les \u00e9v\u00e9nements sportifs de l\u2019ann\u00e9e 2025.\" \/>\n<meta name=\"robots\" content=\"index, follow, max-snippet:-1, max-image-preview:large, max-video-preview:-1\" \/>\n<link rel=\"canonical\" href=\"https:\/\/dicodusport.fr\/blog\/calendrier-evenements-sportifs\/\" \/>\n<meta property=\"og:locale\" content=\"fr_FR\" \/>\n<meta property=\"og:type\" content=\"article\" \/>\n<meta property=\"og:title\" content=\"Calendrier \u00e9v\u00e8nements sportifs\" \/>\n<meta property=\"og:description\" content=\"Calendrier sportif 2025 par Dicodusport. Retrouvez tous les \u00e9v\u00e9nements sportifs de l\u2019ann\u00e9e 2025.\" \/>\n<meta property=\"og:url\" content=\"https:\/\/dicodusport.fr\/blog\/calendrier-evenements-sportifs\/\" \/>\n<meta property=\"og:site_name\" content=\"Dicodusport\" \/>\n<meta property=\"article:publisher\" content=\"https:\/\/www.facebook.com\/dicodusport\" \/>\n<meta property=\"article:modified_time\" content=\"2026-02-12T14:53:21+00:00\" \/>\n<meta property=\"og:image\" content=\"https:\/\/dicodusport.fr\/blog\/wp-content\/uploads\/2024\/06\/Le-Club-Dicodusport.png\" \/>\n\t<meta property=\"og:image:width\" content=\"1200\" \/>\n\t<meta property=\"og:image:height\" content=\"674\" \/>\n\t<meta property=\"og:image:type\" content=\"image\/png\" \/>\n<meta name=\"twitter:card\" content=\"summary_large_image\" \/>\n<meta name=\"twitter:site\" content=\"@dicodusport\" \/>\n<script type=\"application\/ld+json\" class=\"yoast-schema-graph\">{\"@context\":\"https:\/\/schema.org\",\"@graph\":[{\"@type\":\"WebPage\",\"@id\":\"https:\/\/dicodusport.fr\/blog\/calendrier-evenements-sportifs\/\",\"url\":\"https:\/\/dicodusport.fr\/blog\/calendrier-evenements-sportifs\/\",\"name\":\"Calendrier \u00e9v\u00e8nements sportifs\",\"isPartOf\":{\"@id\":\"https:\/\/dicodusport.fr\/blog\/#website\"},\"primaryImageOfPage\":{\"@id\":\"https:\/\/dicodusport.fr\/blog\/calendrier-evenements-sportifs\/#primaryimage\"},\"image\":{\"@id\":\"https:\/\/dicodusport.fr\/blog\/calendrier-evenements-sportifs\/#primaryimage\"},\"thumbnailUrl\":\"https:\/\/dicodusport.fr\/blog\/wp-content\/uploads\/2024\/06\/Le-Club-Dicodusport.png\",\"datePublished\":\"2025-11-19T16:23:35+00:00\",\"dateModified\":\"2026-02-12T14:53:21+00:00\",\"description\":\"Calendrier sportif 2025 par Dicodusport. Retrouvez tous les \u00e9v\u00e9nements sportifs de l\u2019ann\u00e9e 2025.\",\"breadcrumb\":{\"@id\":\"https:\/\/dicodusport.fr\/blog\/calendrier-evenements-sportifs\/#breadcrumb\"},\"inLanguage\":\"fr-FR\",\"potentialAction\":[{\"@type\":\"ReadAction\",\"target\":[\"https:\/\/dicodusport.fr\/blog\/calendrier-evenements-sportifs\/\"]}]},{\"@type\":\"ImageObject\",\"inLanguage\":\"fr-FR\",\"@id\":\"https:\/\/dicodusport.fr\/blog\/calendrier-evenements-sportifs\/#primaryimage\",\"url\":\"https:\/\/dicodusport.fr\/blog\/wp-content\/uploads\/2024\/06\/Le-Club-Dicodusport.png\",\"contentUrl\":\"https:\/\/dicodusport.fr\/blog\/wp-content\/uploads\/2024\/06\/Le-Club-Dicodusport.png\",\"width\":1200,\"height\":674},{\"@type\":\"BreadcrumbList\",\"@id\":\"https:\/\/dicodusport.fr\/blog\/calendrier-evenements-sportifs\/#breadcrumb\",\"itemListElement\":[{\"@type\":\"ListItem\",\"position\":1,\"name\":\"Accueil\",\"item\":\"https:\/\/dicodusport.fr\/blog\/\"},{\"@type\":\"ListItem\",\"position\":2,\"name\":\"Calendrier \u00e9v\u00e8nements sportifs\"}]},{\"@type\":\"WebSite\",\"@id\":\"https:\/\/dicodusport.fr\/blog\/#website\",\"url\":\"https:\/\/dicodusport.fr\/blog\/\",\"name\":\"Dicodusport\",\"description\":\"L&#039;encyclop\u00e9die de l&#039;actualit\u00e9 sportive\",\"publisher\":{\"@id\":\"https:\/\/dicodusport.fr\/blog\/#organization\"},\"potentialAction\":[{\"@type\":\"SearchAction\",\"target\":{\"@type\":\"EntryPoint\",\"urlTemplate\":\"https:\/\/dicodusport.fr\/blog\/?s={search_term_string}\"},\"query-input\":{\"@type\":\"PropertyValueSpecification\",\"valueRequired\":true,\"valueName\":\"search_term_string\"}}],\"inLanguage\":\"fr-FR\"},{\"@type\":\"NewsMediaOrganization\",\"@id\":\"https:\/\/dicodusport.fr\/blog\/#organization\",\"name\":\"Dicodusport\",\"url\":\"https:\/\/dicodusport.fr\/blog\/\",\"logo\":{\"@type\":\"ImageObject\",\"inLanguage\":\"fr-FR\",\"@id\":\"https:\/\/dicodusport.fr\/blog\/#\/schema\/logo\/image\/\",\"url\":\"https:\/\/dicodusport.fr\/blog\/wp-content\/uploads\/2020\/06\/cropped-LOGO-DICODUSPORT-2020-SANS-FOND-SANS-TEXTE.png\",\"contentUrl\":\"https:\/\/dicodusport.fr\/blog\/wp-content\/uploads\/2020\/06\/cropped-LOGO-DICODUSPORT-2020-SANS-FOND-SANS-TEXTE.png\",\"width\":512,\"height\":512,\"caption\":\"Dicodusport\"},\"image\":{\"@id\":\"https:\/\/dicodusport.fr\/blog\/#\/schema\/logo\/image\/\"},\"sameAs\":[\"https:\/\/www.facebook.com\/dicodusport\",\"https:\/\/x.com\/dicodusport\",\"https:\/\/www.instagram.com\/dicodusport\/\",\"https:\/\/www.youtube.com\/channel\/UC7V2KZ5sd3htJivAbA4ZG3w\"],\"description\":\"Dicodusport est l'encyclop\u00e9die de l'actualit\u00e9 sportive.\",\"email\":\"bonjour@dicodusport.fr\",\"legalName\":\"DICODUSPORT\",\"foundingDate\":\"2018-01-14\",\"vatID\":\"FR71834470973\",\"taxID\":\"83447097300043\",\"numberOfEmployees\":{\"@type\":\"QuantitativeValue\",\"minValue\":\"1\",\"maxValue\":\"10\"}}]}<\/script>\n<!-- \/ Yoast SEO Premium plugin. -->","yoast_head_json":{"title":"Calendrier \u00e9v\u00e8nements sportifs","description":"Calendrier sportif 2025 par Dicodusport. Retrouvez tous les \u00e9v\u00e9nements sportifs de l\u2019ann\u00e9e 2025.","robots":{"index":"index","follow":"follow","max-snippet":"max-snippet:-1","max-image-preview":"max-image-preview:large","max-video-preview":"max-video-preview:-1"},"canonical":"https:\/\/dicodusport.fr\/blog\/calendrier-evenements-sportifs\/","og_locale":"fr_FR","og_type":"article","og_title":"Calendrier \u00e9v\u00e8nements sportifs","og_description":"Calendrier sportif 2025 par Dicodusport. Retrouvez tous les \u00e9v\u00e9nements sportifs de l\u2019ann\u00e9e 2025.","og_url":"https:\/\/dicodusport.fr\/blog\/calendrier-evenements-sportifs\/","og_site_name":"Dicodusport","article_publisher":"https:\/\/www.facebook.com\/dicodusport","article_modified_time":"2026-02-12T14:53:21+00:00","og_image":[{"width":1200,"height":674,"url":"https:\/\/dicodusport.fr\/blog\/wp-content\/uploads\/2024\/06\/Le-Club-Dicodusport.png","type":"image\/png"}],"twitter_card":"summary_large_image","twitter_site":"@dicodusport","schema":{"@context":"https:\/\/schema.org","@graph":[{"@type":"WebPage","@id":"https:\/\/dicodusport.fr\/blog\/calendrier-evenements-sportifs\/","url":"https:\/\/dicodusport.fr\/blog\/calendrier-evenements-sportifs\/","name":"Calendrier \u00e9v\u00e8nements sportifs","isPartOf":{"@id":"https:\/\/dicodusport.fr\/blog\/#website"},"primaryImageOfPage":{"@id":"https:\/\/dicodusport.fr\/blog\/calendrier-evenements-sportifs\/#primaryimage"},"image":{"@id":"https:\/\/dicodusport.fr\/blog\/calendrier-evenements-sportifs\/#primaryimage"},"thumbnailUrl":"https:\/\/dicodusport.fr\/blog\/wp-content\/uploads\/2024\/06\/Le-Club-Dicodusport.png","datePublished":"2025-11-19T16:23:35+00:00","dateModified":"2026-02-12T14:53:21+00:00","description":"Calendrier sportif 2025 par Dicodusport. Retrouvez tous les \u00e9v\u00e9nements sportifs de l\u2019ann\u00e9e 2025.","breadcrumb":{"@id":"https:\/\/dicodusport.fr\/blog\/calendrier-evenements-sportifs\/#breadcrumb"},"inLanguage":"fr-FR","potentialAction":[{"@type":"ReadAction","target":["https:\/\/dicodusport.fr\/blog\/calendrier-evenements-sportifs\/"]}]},{"@type":"ImageObject","inLanguage":"fr-FR","@id":"https:\/\/dicodusport.fr\/blog\/calendrier-evenements-sportifs\/#primaryimage","url":"https:\/\/dicodusport.fr\/blog\/wp-content\/uploads\/2024\/06\/Le-Club-Dicodusport.png","contentUrl":"https:\/\/dicodusport.fr\/blog\/wp-content\/uploads\/2024\/06\/Le-Club-Dicodusport.png","width":1200,"height":674},{"@type":"BreadcrumbList","@id":"https:\/\/dicodusport.fr\/blog\/calendrier-evenements-sportifs\/#breadcrumb","itemListElement":[{"@type":"ListItem","position":1,"name":"Accueil","item":"https:\/\/dicodusport.fr\/blog\/"},{"@type":"ListItem","position":2,"name":"Calendrier \u00e9v\u00e8nements sportifs"}]},{"@type":"WebSite","@id":"https:\/\/dicodusport.fr\/blog\/#website","url":"https:\/\/dicodusport.fr\/blog\/","name":"Dicodusport","description":"L&#039;encyclop\u00e9die de l&#039;actualit\u00e9 sportive","publisher":{"@id":"https:\/\/dicodusport.fr\/blog\/#organization"},"potentialAction":[{"@type":"SearchAction","target":{"@type":"EntryPoint","urlTemplate":"https:\/\/dicodusport.fr\/blog\/?s={search_term_string}"},"query-input":{"@type":"PropertyValueSpecification","valueRequired":true,"valueName":"search_term_string"}}],"inLanguage":"fr-FR"},{"@type":"NewsMediaOrganization","@id":"https:\/\/dicodusport.fr\/blog\/#organization","name":"Dicodusport","url":"https:\/\/dicodusport.fr\/blog\/","logo":{"@type":"ImageObject","inLanguage":"fr-FR","@id":"https:\/\/dicodusport.fr\/blog\/#\/schema\/logo\/image\/","url":"https:\/\/dicodusport.fr\/blog\/wp-content\/uploads\/2020\/06\/cropped-LOGO-DICODUSPORT-2020-SANS-FOND-SANS-TEXTE.png","contentUrl":"https:\/\/dicodusport.fr\/blog\/wp-content\/uploads\/2020\/06\/cropped-LOGO-DICODUSPORT-2020-SANS-FOND-SANS-TEXTE.png","width":512,"height":512,"caption":"Dicodusport"},"image":{"@id":"https:\/\/dicodusport.fr\/blog\/#\/schema\/logo\/image\/"},"sameAs":["https:\/\/www.facebook.com\/dicodusport","https:\/\/x.com\/dicodusport","https:\/\/www.instagram.com\/dicodusport\/","https:\/\/www.youtube.com\/channel\/UC7V2KZ5sd3htJivAbA4ZG3w"],"description":"Dicodusport est l'encyclop\u00e9die de l'actualit\u00e9 sportive.","email":"bonjour@dicodusport.fr","legalName":"DICODUSPORT","foundingDate":"2018-01-14","vatID":"FR71834470973","taxID":"83447097300043","numberOfEmployees":{"@type":"QuantitativeValue","minValue":"1","maxValue":"10"}}]}},"_links":{"self":[{"href":"https:\/\/dicodusport.fr\/blog\/wp-json\/wp\/v2\/pages\/622864","targetHints":{"allow":["GET"]}}],"collection":[{"href":"https:\/\/dicodusport.fr\/blog\/wp-json\/wp\/v2\/pages"}],"about":[{"href":"https:\/\/dicodusport.fr\/blog\/wp-json\/wp\/v2\/types\/page"}],"author":[{"embeddable":true,"href":"https:\/\/dicodusport.fr\/blog\/wp-json\/wp\/v2\/users\/2"}],"replies":[{"embeddable":true,"href":"https:\/\/dicodusport.fr\/blog\/wp-json\/wp\/v2\/comments?post=622864"}],"version-history":[{"count":5,"href":"https:\/\/dicodusport.fr\/blog\/wp-json\/wp\/v2\/pages\/622864\/revisions"}],"predecessor-version":[{"id":646876,"href":"https:\/\/dicodusport.fr\/blog\/wp-json\/wp\/v2\/pages\/622864\/revisions\/646876"}],"wp:featuredmedia":[{"embeddable":true,"href":"https:\/\/dicodusport.fr\/blog\/wp-json\/wp\/v2\/media\/644557"}],"wp:attachment":[{"href":"https:\/\/dicodusport.fr\/blog\/wp-json\/wp\/v2\/media?parent=622864"}],"wp:term":[{"taxonomy":"category","embeddable":true,"href":"https:\/\/dicodusport.fr\/blog\/wp-json\/wp\/v2\/categories?post=622864"},{"taxonomy":"post_tag","embeddable":true,"href":"https:\/\/dicodusport.fr\/blog\/wp-json\/wp\/v2\/tags?post=622864"}],"curies":[{"name":"wp","href":"https:\/\/api.w.org\/{rel}","templated":true}]}}